{"id":10663,"date":"2020-07-16T17:00:41","date_gmt":"2020-07-16T15:00:41","guid":{"rendered":"http:\/\/mrsredsound.com\/?page_id=10663"},"modified":"2025-05-14T12:48:47","modified_gmt":"2025-05-14T10:48:47","slug":"about","status":"publish","type":"page","link":"https:\/\/mrsredsound.com\/index.php\/home\/about\/","title":{"rendered":"About"},"content":{"rendered":"<div class=\"o9v6fnle cxmmr5t8 oygrvhab hcukyx3x c1et5uql\" style=\"text-align: center;\">\ud83c\uddec\ud83c\udde7<\/div>\n<div class=\"o9v6fnle cxmmr5t8 oygrvhab hcukyx3x c1et5uql\" style=\"text-align: center;\">Created in 2013 by French heavy psych trio Mars Red Sky,\u00a0 MRS RED SOUND is an independent record label specialized in loud and psychedelic riffs. From the early stages and the release of Mars Red Sky&#8217;s first albums, Mrs Red Sound grew up, evolved and started to welcome new bands, playing different styles: progressive rock, heavy psychedelic, doom metal. Artists who take advantage of Mars Red Sky&#8217;s experience and network, with a particular mind to sharing and helping each other within the scene.<\/div>\n<div><span style=\"color: #ffffff;\">space<\/span><\/div>\n<div style=\"text-align: center;\">\ud83c\uddeb\ud83c\uddf7<\/div>\n<div style=\"text-align: center;\">Fond\u00e9 en 2013 par le trio de heavy psych\u00e9d\u00e9lique Mars Red Sky, MRS RED SOUND est un label ind\u00e9pendant bas\u00e9 \u00e0 Bordeaux et sp\u00e9cialis\u00e9 dans le heavy psych\u00e9d\u00e9lique, le rock progressif et le doom. Il est initialement pens\u00e9 pour produire les premiers efforts du groupe. Les ann\u00e9es passant, Mrs Red Sound \u00e9volue et accueille de nouveaux artistes qui profitent du savoir-faire et des contacts de Mars Red Sky (en France et \u00e0 l&#8217;international), dans une optique de transmission et d&#8217;entraide.<\/div>\n<div><span style=\"color: #ffffff;\">space<\/span><\/div>\n<div style=\"text-align: center;\">THEY SUPPORT AND TRUST US, WE ARE VERY GRATEFUL:<\/div>\n<div><a href=\"https:\/\/mrsredsound.com\/wp-content\/uploads\/2025\/05\/logos-partenaires-MRS.png\"><img loading=\"lazy\" decoding=\"async\" class=\"alignnone wp-image-11260 size-full\" src=\"https:\/\/mrsredsound.com\/wp-content\/uploads\/2025\/05\/logos-partenaires-MRS.png\" alt=\"\" width=\"2339\" height=\"836\" srcset=\"https:\/\/mrsredsound.com\/wp-content\/uploads\/2025\/05\/logos-partenaires-MRS.png 2339w, https:\/\/mrsredsound.com\/wp-content\/uploads\/2025\/05\/logos-partenaires-MRS-300x107.png 300w, https:\/\/mrsredsound.com\/wp-content\/uploads\/2025\/05\/logos-partenaires-MRS-1024x366.png 1024w, https:\/\/mrsredsound.com\/wp-content\/uploads\/2025\/05\/logos-partenaires-MRS-768x274.png 768w, https:\/\/mrsredsound.com\/wp-content\/uploads\/2025\/05\/logos-partenaires-MRS-1536x549.png 1536w, https:\/\/mrsredsound.com\/wp-content\/uploads\/2025\/05\/logos-partenaires-MRS-2048x732.png 2048w, https:\/\/mrsredsound.com\/wp-content\/uploads\/2025\/05\/logos-partenaires-MRS-1140x407.png 1140w, https:\/\/mrsredsound.com\/wp-content\/uploads\/2025\/05\/logos-partenaires-MRS-500x179.png 500w, https:\/\/mrsredsound.com\/wp-content\/uploads\/2025\/05\/logos-partenaires-MRS-550x197.png 550w, https:\/\/mrsredsound.com\/wp-content\/uploads\/2025\/05\/logos-partenaires-MRS-700x250.png 700w, https:\/\/mrsredsound.com\/wp-content\/uploads\/2025\/05\/logos-partenaires-MRS-400x143.png 400w, https:\/\/mrsredsound.com\/wp-content\/uploads\/2025\/05\/logos-partenaires-MRS-1920x686.png 1920w, https:\/\/mrsredsound.com\/wp-content\/uploads\/2025\/05\/logos-partenaires-MRS-600x214.png 600w\" sizes=\"(max-width: 2339px) 100vw, 2339px\" \/><\/a><\/div>\n","protected":false},"excerpt":{"rendered":"<p>\ud83c\uddec\ud83c\udde7 Created in 2013 by French heavy psych trio Mars Red Sky,\u00a0 MRS RED SOUND is an independent record label specialized in loud and psychedelic riffs. From the early stages and the release of Mars Red Sky&#8217;s first albums, Mrs Red Sound grew up, evolved and started to welcome new bands, playing different styles: progressive&#8230;<\/p>\n<p><a rel=\"bookmark\" class=\"theme-button-text wvc-button wvc-button-size-xs\" href=\"https:\/\/mrsredsound.com\/index.php\/home\/about\/\"><small class=\"wvc-button-background-fill\"><\/small><span>Continue reading<\/span><\/a><\/p>\n","protected":false},"author":1,"featured_media":11009,"parent":10676,"menu_order":0,"comment_status":"closed","ping_status":"closed","template":"","meta":{"footnotes":""},"class_list":{"0":"post-10663","1":"page","2":"type-page","3":"status-publish","4":"has-post-thumbnail","5":"hentry","6":"entry","7":"clearfix","8":"entry-grid","9":"entry-columns-default","10":"entry-page-module-layout-standard","11":"thumbnail-color-tone-dark","12":"entry-page","14":"entry-page-grid"},"_links":{"self":[{"href":"https:\/\/mrsredsound.com\/index.php\/wp-json\/wp\/v2\/pages\/10663"}],"collection":[{"href":"https:\/\/mrsredsound.com\/index.php\/wp-json\/wp\/v2\/pages"}],"about":[{"href":"https:\/\/mrsredsound.com\/index.php\/wp-json\/wp\/v2\/types\/page"}],"author":[{"embeddable":true,"href":"https:\/\/mrsredsound.com\/index.php\/wp-json\/wp\/v2\/users\/1"}],"replies":[{"embeddable":true,"href":"https:\/\/mrsredsound.com\/index.php\/wp-json\/wp\/v2\/comments?post=10663"}],"version-history":[{"count":41,"href":"https:\/\/mrsredsound.com\/index.php\/wp-json\/wp\/v2\/pages\/10663\/revisions"}],"predecessor-version":[{"id":11167,"href":"https:\/\/mrsredsound.com\/index.php\/wp-json\/wp\/v2\/pages\/10663\/revisions\/11167"}],"up":[{"embeddable":true,"href":"https:\/\/mrsredsound.com\/index.php\/wp-json\/wp\/v2\/pages\/10676"}],"wp:featuredmedia":[{"embeddable":true,"href":"https:\/\/mrsredsound.com\/index.php\/wp-json\/wp\/v2\/media\/11009"}],"wp:attachment":[{"href":"https:\/\/mrsredsound.com\/index.php\/wp-json\/wp\/v2\/media?parent=10663"}],"curies":[{"name":"wp","href":"https:\/\/api.w.org\/{rel}","templated":true}]}}